{"id":11091,"date":"2025-12-27T14:24:48","date_gmt":"2025-12-27T13:24:48","guid":{"rendered":"https:\/\/www.premier-futtermittel.de\/Shop\/?post_type=product&#038;p=11091"},"modified":"2025-12-27T14:25:53","modified_gmt":"2025-12-27T13:25:53","slug":"monoshield-lamb-liquid","status":"publish","type":"product","link":"https:\/\/www.premier-futtermittel.de\/Shop\/produkt\/monoshield-lamb-liquid\/","title":{"rendered":"MonoShield Lamm Liquid"},"content":{"rendered":"<div class=\"Y3BBE\" data-sfc-cp=\"\" data-hveid=\"CAEIBRAA\" data-processed=\"true\" data-complete=\"true\">MonoShield ist eine antibiotikafreie, neuartige Iodophor-Technologie, die in Zusammenarbeit mit der National University of Ireland entwickelt wurde. MonoShield wird zur Verringerung des Risikos von sowie zur Genesung bei Durchfallerkrankungen (Scour) eingesetzt.<span class=\"uJ19be notranslate\" data-wiz-uids=\"NjGup_y,NjGup_z,NjGup_10\" data-complete=\"true\" data-processed=\"true\"><span class=\"vKEkVd\" data-animation-atomic=\"\" data-wiz-attrbind=\"class=NjGup_y\/TKHnVd;\" data-sae=\"\">\u00a0<\/span><\/span><\/div>\n<div class=\"Y3BBE\" data-sfc-cp=\"\" data-hveid=\"CAEIBxAA\" data-processed=\"true\" data-complete=\"true\">Zur Verringerung des Durchfallrisikos bei neugeborenen L\u00e4mmern ist kurz bzw. unmittelbar nach der Geburt 1 Pumphub (3 ml) zu verabreichen.<span class=\"uJ19be notranslate\" data-wiz-uids=\"NjGup_1c,NjGup_1d,NjGup_1e\" data-processed=\"true\" data-complete=\"true\"><span class=\"vKEkVd\" data-animation-atomic=\"\" data-wiz-attrbind=\"class=NjGup_1c\/TKHnVd;\" data-sae=\"\">\u00a0<\/span><\/span><\/div>\n<ul class=\"KsbFXc U6u95\" data-complete=\"true\" data-processed=\"true\">\n<li data-hveid=\"CAEICBAA\" data-complete=\"true\" data-sae=\"\"><span class=\"T286Pc\" data-sfc-cp=\"\" data-complete=\"true\">Neuartige Iodophor-Technologie<\/span><\/li>\n<li data-hveid=\"CAEICBAB\" data-complete=\"true\" data-sae=\"\"><span class=\"T286Pc\" data-sfc-cp=\"\" data-complete=\"true\">Entwickelt in Zusammenarbeit mit der National University of Ireland<\/span><\/li>\n<\/ul>\n<p><strong>Verabreichung:<\/strong> mittels beiliegender Pumpe<\/p>\n<p>Anweisung f\u00fcr die ordnungsgem\u00e4\u00dfe Verwendung: Verabreichung des Produkts mittels Eingeber-Kopf und mit n\u00f6tiger Sorgfalt um Verletzungen in Maul oder Schlund der Tiere zu vermeiden. S\u00e4ubern Sie den Eingeber-Kopf nach jeder Benutzung.<\/p>\n<p><strong>Analytische Bestandteile:<\/strong><\/p>\n<ul>\n<li>Rohfaser &#8211; 1%<\/li>\n<li>Rohprotein &#8211; 0,7%<\/li>\n<li>Rohe \u00d6le\/Fette &#8211; 0,4%<\/li>\n<li>Rohasche &#8211; 0,1%<\/li>\n<li>Natrium &#8211; 0,0084%<\/li>\n<\/ul>\n<p><strong>Zusammensetzung:<\/strong><br \/>\nSorbit, Dextrose, Molkenprotein<\/p>\n<p><strong>Zusatzstoffe (pro kg):<\/strong><\/p>\n<p><strong>Spurenelemente:<\/strong><\/p>\n<ul>\n<li>3b605 Zink (Zinksulfat-Monohydrat) 6667mg<\/li>\n<li>3b201 Jod (Kaliumjodid) 2755mg<\/li>\n<li>E415 Xanthan Gummi 1800mg<\/li>\n<li>2b12025 Allylisothiocyanat 50mcg.<\/li>\n<\/ul>\n<p><strong>Vitamine:<\/strong><\/p>\n<p>3a300 Vitamin C 8000mg<\/p>\n<p>&nbsp;<\/p>\n<p>Dieses Produkt ist ein Erg\u00e4nzungsfuttermittel und kein Arzneimittel.<\/p>\n<p>Die gleichzeitige Gabe von Zusatzstoffe mit H\u00f6chstgehalt \u00fcber andere Futtermittel ist zu vermeiden. Es wird empfohlen, vor der Verwendung den Rat eines Tierarztes oder Ern\u00e4hrungswissenschafters einzuholen.<\/p>\n","protected":false},"excerpt":{"rendered":"<p>MonoShield ist eine antibiotikafreie, neuartige Iodophor-Technologie, die in Zusammenarbeit mit der National University of Ireland entwickelt wurde. MonoShield wird zur [&hellip;]<\/p>\n","protected":false},"featured_media":11092,"template":"","meta":{"site-sidebar-layout":"default","site-content-layout":"","ast-site-content-layout":"default","site-content-style":"default","site-sidebar-style":"default","ast-global-header-display":"","ast-banner-title-visibility":"","ast-main-header-display":"","ast-hfb-above-header-display":"","ast-hfb-below-header-display":"","ast-hfb-mobile-header-display":"","site-post-title":"","ast-breadcrumbs-content":"","ast-featured-img":"","footer-sml-layout":"","ast-disable-related-posts":"","theme-transparent-header-meta":"default","adv-header-id-meta":"","stick-header-meta":"","header-above-stick-meta":"","header-main-stick-meta":"","header-below-stick-meta":"","astra-migrate-meta-layouts":"set","ast-page-background-enabled":"default","ast-page-background-meta":{"desktop":{"background-color":"var(--ast-global-color-4)","background-image":"","background-repeat":"repeat","background-position":"center center","background-size":"auto","background-attachment":"scroll","background-type":"","background-media":"","overlay-type":"","overlay-color":"","overlay-opacity":"","overlay-gradient":""},"tablet":{"background-color":"","background-image":"","background-repeat":"repeat","background-position":"center center","background-size":"auto","background-attachment":"scroll","background-type":"","background-media":"","overlay-type":"","overlay-color":"","overlay-opacity":"","overlay-gradient":""},"mobile":{"background-color":"","background-image":"","background-repeat":"repeat","background-position":"center center","background-size":"auto","background-attachment":"scroll","background-type":"","background-media":"","overlay-type":"","overlay-color":"","overlay-opacity":"","overlay-gradient":""}},"ast-content-background-meta":{"desktop":{"background-color":"var(--ast-global-color-5)","background-image":"","background-repeat":"repeat","background-position":"center center","background-size":"auto","background-attachment":"scroll","background-type":"","background-media":"","overlay-type":"","overlay-color":"","overlay-opacity":"","overlay-gradient":""},"tablet":{"background-color":"var(--ast-global-color-5)","background-image":"","background-repeat":"repeat","background-position":"center center","background-size":"auto","background-attachment":"scroll","background-type":"","background-media":"","overlay-type":"","overlay-color":"","overlay-opacity":"","overlay-gradient":""},"mobile":{"background-color":"var(--ast-global-color-5)","background-image":"","background-repeat":"repeat","background-position":"center center","background-size":"auto","background-attachment":"scroll","background-type":"","background-media":"","overlay-type":"","overlay-color":"","overlay-opacity":"","overlay-gradient":""}}},"product_brand":[],"product_cat":[95,101,115],"product_tag":[],"class_list":{"0":"post-11091","1":"product","2":"type-product","3":"status-publish","4":"has-post-thumbnail","6":"product_cat-futtermittel","7":"product_cat-lamm","8":"product_cat-neu","9":"product_shipping_class-paket","10":"desktop-align-left","11":"tablet-align-left","12":"mobile-align-left","14":"first","15":"instock","16":"taxable","17":"shipping-taxable","18":"purchasable","19":"product-type-simple"},"_links":{"self":[{"href":"https:\/\/www.premier-futtermittel.de\/Shop\/wp-json\/wp\/v2\/product\/11091","targetHints":{"allow":["GET"]}}],"collection":[{"href":"https:\/\/www.premier-futtermittel.de\/Shop\/wp-json\/wp\/v2\/product"}],"about":[{"href":"https:\/\/www.premier-futtermittel.de\/Shop\/wp-json\/wp\/v2\/types\/product"}],"wp:featuredmedia":[{"embeddable":true,"href":"https:\/\/www.premier-futtermittel.de\/Shop\/wp-json\/wp\/v2\/media\/11092"}],"wp:attachment":[{"href":"https:\/\/www.premier-futtermittel.de\/Shop\/wp-json\/wp\/v2\/media?parent=11091"}],"wp:term":[{"taxonomy":"product_brand","embeddable":true,"href":"https:\/\/www.premier-futtermittel.de\/Shop\/wp-json\/wp\/v2\/product_brand?post=11091"},{"taxonomy":"product_cat","embeddable":true,"href":"https:\/\/www.premier-futtermittel.de\/Shop\/wp-json\/wp\/v2\/product_cat?post=11091"},{"taxonomy":"product_tag","embeddable":true,"href":"https:\/\/www.premier-futtermittel.de\/Shop\/wp-json\/wp\/v2\/product_tag?post=11091"}],"curies":[{"name":"wp","href":"https:\/\/api.w.org\/{rel}","templated":true}]}}