{"id":10907,"date":"2025-07-07T13:36:56","date_gmt":"2025-07-07T11:36:56","guid":{"rendered":"https:\/\/www.premier-futtermittel.de\/Shop\/?post_type=product&#038;p=10907"},"modified":"2025-07-07T14:15:12","modified_gmt":"2025-07-07T12:15:12","slug":"longhorn-cutter","status":"publish","type":"product","link":"https:\/\/www.premier-futtermittel.de\/Shop\/produkt\/longhorn-cutter\/","title":{"rendered":"Longhorn Cutter"},"content":{"rendered":"<p>Die Longhorn-Schneidemesser sind aus vollmaterial hei\u00dfgeschmiedet (4,5\u202fmm Dicke) und bieten dadurch eine besonders lange Lebensdauer.<\/p>\n<p>Dank pr\u00e4zisionsgeschliffener Fl\u00e4chen und Zahnw\u00e4nde erm\u00f6glichen sie einen sauberen, exakten Schnitt \u2013 ideal f\u00fcr die Schafschur oder das Rinderscheren. Sie eignen sich f\u00fcr alle Schafrassen, jede Anwendung und jedes Erfahrungsniveau \u2013 vom Einsteiger bis zum Profi.<\/p>\n<p><strong>Eigenschaften:<\/strong><\/p>\n<ul>\n<li>Passend f\u00fcr Standard- und Breitk\u00e4mme<\/li>\n<li>Hervorragende Schneidleistung und Sicherheit<\/li>\n<li>Volle Materialst\u00e4rke f\u00fcr h\u00e4ufiges Nachsch\u00e4rfen ohne Leistungsverlust<\/li>\n<li>Bereits gesch\u00e4rft und einsatzbereit<\/li>\n<li>Volle Longhorn\u00ae-Garantie \u2013 Zufriedenheitsgarantie<\/li>\n<\/ul>\n","protected":false},"excerpt":{"rendered":"<p>Die Longhorn-Schneidemesser sind aus vollmaterial hei\u00dfgeschmiedet (4,5\u202fmm Dicke) und bieten dadurch eine besonders lange Lebensdauer. Dank pr\u00e4zisionsgeschliffener Fl\u00e4chen und Zahnw\u00e4nde [&hellip;]<\/p>\n","protected":false},"featured_media":10910,"template":"","meta":{"site-sidebar-layout":"default","site-content-layout":"","ast-site-content-layout":"default","site-content-style":"default","site-sidebar-style":"default","ast-global-header-display":"","ast-banner-title-visibility":"","ast-main-header-display":"","ast-hfb-above-header-display":"","ast-hfb-below-header-display":"","ast-hfb-mobile-header-display":"","site-post-title":"","ast-breadcrumbs-content":"","ast-featured-img":"","footer-sml-layout":"","ast-disable-related-posts":"","theme-transparent-header-meta":"default","adv-header-id-meta":"","stick-header-meta":"","header-above-stick-meta":"","header-main-stick-meta":"","header-below-stick-meta":"","astra-migrate-meta-layouts":"set","ast-page-background-enabled":"default","ast-page-background-meta":{"desktop":{"background-color":"var(--ast-global-color-4)","background-image":"","background-repeat":"repeat","background-position":"center center","background-size":"auto","background-attachment":"scroll","background-type":"","background-media":"","overlay-type":"","overlay-color":"","overlay-opacity":"","overlay-gradient":""},"tablet":{"background-color":"","background-image":"","background-repeat":"repeat","background-position":"center center","background-size":"auto","background-attachment":"scroll","background-type":"","background-media":"","overlay-type":"","overlay-color":"","overlay-opacity":"","overlay-gradient":""},"mobile":{"background-color":"","background-image":"","background-repeat":"repeat","background-position":"center center","background-size":"auto","background-attachment":"scroll","background-type":"","background-media":"","overlay-type":"","overlay-color":"","overlay-opacity":"","overlay-gradient":""}},"ast-content-background-meta":{"desktop":{"background-color":"var(--ast-global-color-5)","background-image":"","background-repeat":"repeat","background-position":"center center","background-size":"auto","background-attachment":"scroll","background-type":"","background-media":"","overlay-type":"","overlay-color":"","overlay-opacity":"","overlay-gradient":""},"tablet":{"background-color":"var(--ast-global-color-5)","background-image":"","background-repeat":"repeat","background-position":"center center","background-size":"auto","background-attachment":"scroll","background-type":"","background-media":"","overlay-type":"","overlay-color":"","overlay-opacity":"","overlay-gradient":""},"mobile":{"background-color":"var(--ast-global-color-5)","background-image":"","background-repeat":"repeat","background-position":"center center","background-size":"auto","background-attachment":"scroll","background-type":"","background-media":"","overlay-type":"","overlay-color":"","overlay-opacity":"","overlay-gradient":""}}},"product_brand":[],"product_cat":[100],"product_tag":[],"class_list":{"0":"post-10907","1":"product","2":"type-product","3":"status-publish","4":"has-post-thumbnail","6":"product_cat-schermesser","7":"product_shipping_class-paket","8":"desktop-align-left","9":"tablet-align-left","10":"mobile-align-left","12":"first","13":"instock","14":"taxable","15":"shipping-taxable","16":"purchasable","17":"product-type-variable"},"_links":{"self":[{"href":"https:\/\/www.premier-futtermittel.de\/Shop\/wp-json\/wp\/v2\/product\/10907","targetHints":{"allow":["GET"]}}],"collection":[{"href":"https:\/\/www.premier-futtermittel.de\/Shop\/wp-json\/wp\/v2\/product"}],"about":[{"href":"https:\/\/www.premier-futtermittel.de\/Shop\/wp-json\/wp\/v2\/types\/product"}],"wp:featuredmedia":[{"embeddable":true,"href":"https:\/\/www.premier-futtermittel.de\/Shop\/wp-json\/wp\/v2\/media\/10910"}],"wp:attachment":[{"href":"https:\/\/www.premier-futtermittel.de\/Shop\/wp-json\/wp\/v2\/media?parent=10907"}],"wp:term":[{"taxonomy":"product_brand","embeddable":true,"href":"https:\/\/www.premier-futtermittel.de\/Shop\/wp-json\/wp\/v2\/product_brand?post=10907"},{"taxonomy":"product_cat","embeddable":true,"href":"https:\/\/www.premier-futtermittel.de\/Shop\/wp-json\/wp\/v2\/product_cat?post=10907"},{"taxonomy":"product_tag","embeddable":true,"href":"https:\/\/www.premier-futtermittel.de\/Shop\/wp-json\/wp\/v2\/product_tag?post=10907"}],"curies":[{"name":"wp","href":"https:\/\/api.w.org\/{rel}","templated":true}]}}