{"id":10760,"date":"2025-03-12T17:32:45","date_gmt":"2025-03-12T16:32:45","guid":{"rendered":"https:\/\/www.premier-futtermittel.de\/Shop\/?post_type=product&#038;p=10760"},"modified":"2025-03-12T17:32:46","modified_gmt":"2025-03-12T16:32:46","slug":"drenchspritze-20ml","status":"publish","type":"product","link":"https:\/\/www.premier-futtermittel.de\/Shop\/produkt\/drenchspritze-20ml\/","title":{"rendered":"Drenchspritze \u2013 20ml"},"content":{"rendered":"<p data-start=\"69\" data-end=\"119\"><strong data-start=\"69\" data-end=\"117\">Einstellbare Drenchspritze \u2013 20 ml<\/strong><\/p>\n<p data-start=\"121\" data-end=\"414\">Unsere hochwertige <strong data-start=\"140\" data-end=\"172\">Drenchspritze aus Kunststoff<\/strong> ist das ideale Werkzeug f\u00fcr die pr\u00e4zise Verabreichung von Fl\u00fcssigkeiten an Tiere. Dank des einstellbaren Dosiersystems kann die <strong data-start=\"301\" data-end=\"350\">gew\u00fcnschte Menge (bis zu 20 ml) exakt dosiert<\/strong> werden, was eine sichere und effiziente Anwendung erm\u00f6glicht.<\/p>\n<p><strong data-start=\"416\" data-end=\"434\">Eigenschaften:<\/strong><\/p>\n<ul>\n<li><strong data-start=\"439\" data-end=\"465\">Verstellbare Dosierung<\/strong> f\u00fcr pr\u00e4zise Medikamentenvergabe<\/li>\n<li><strong data-start=\"502\" data-end=\"526\">Ergonomisches Design<\/strong> f\u00fcr einfache Handhabung<\/li>\n<li><strong data-start=\"555\" data-end=\"589\">Langlebiges Kunststoffmaterial<\/strong>, leicht zu reinigen<br data-start=\"497\" data-end=\"500\" \/><\/li>\n<\/ul>\n<p data-start=\"684\" data-end=\"890\">Diese <strong data-start=\"690\" data-end=\"725\">wiederverwendbare Drenchspritze<\/strong> eignet sich perfekt f\u00fcr die Verabreichung von Medikamenten, Nahrungserg\u00e4nzungsmitteln oder Elektrolyten bei Nutztieren wie Rindern, Schafen, Ziegen und Schweinen.<\/p>\n<p data-start=\"892\" data-end=\"946\"><strong data-start=\"892\" data-end=\"944\">Perfekt f\u00fcr Landwirte und Tierhalter!<\/strong><\/p>\n","protected":false},"excerpt":{"rendered":"<p>Einstellbare Drenchspritze \u2013 20 ml Unsere hochwertige Drenchspritze aus Kunststoff ist das ideale Werkzeug f\u00fcr die pr\u00e4zise Verabreichung von Fl\u00fcssigkeiten [&hellip;]<\/p>\n","protected":false},"featured_media":10761,"template":"","meta":{"site-sidebar-layout":"default","site-content-layout":"","ast-site-content-layout":"default","site-content-style":"default","site-sidebar-style":"default","ast-global-header-display":"","ast-banner-title-visibility":"","ast-main-header-display":"","ast-hfb-above-header-display":"","ast-hfb-below-header-display":"","ast-hfb-mobile-header-display":"","site-post-title":"","ast-breadcrumbs-content":"","ast-featured-img":"","footer-sml-layout":"","ast-disable-related-posts":"","theme-transparent-header-meta":"default","adv-header-id-meta":"","stick-header-meta":"","header-above-stick-meta":"","header-main-stick-meta":"","header-below-stick-meta":"","astra-migrate-meta-layouts":"set","ast-page-background-enabled":"default","ast-page-background-meta":{"desktop":{"background-color":"var(--ast-global-color-4)","background-image":"","background-repeat":"repeat","background-position":"center center","background-size":"auto","background-attachment":"scroll","background-type":"","background-media":"","overlay-type":"","overlay-color":"","overlay-opacity":"","overlay-gradient":""},"tablet":{"background-color":"","background-image":"","background-repeat":"repeat","background-position":"center center","background-size":"auto","background-attachment":"scroll","background-type":"","background-media":"","overlay-type":"","overlay-color":"","overlay-opacity":"","overlay-gradient":""},"mobile":{"background-color":"","background-image":"","background-repeat":"repeat","background-position":"center center","background-size":"auto","background-attachment":"scroll","background-type":"","background-media":"","overlay-type":"","overlay-color":"","overlay-opacity":"","overlay-gradient":""}},"ast-content-background-meta":{"desktop":{"background-color":"var(--ast-global-color-5)","background-image":"","background-repeat":"repeat","background-position":"center center","background-size":"auto","background-attachment":"scroll","background-type":"","background-media":"","overlay-type":"","overlay-color":"","overlay-opacity":"","overlay-gradient":""},"tablet":{"background-color":"var(--ast-global-color-5)","background-image":"","background-repeat":"repeat","background-position":"center center","background-size":"auto","background-attachment":"scroll","background-type":"","background-media":"","overlay-type":"","overlay-color":"","overlay-opacity":"","overlay-gradient":""},"mobile":{"background-color":"var(--ast-global-color-5)","background-image":"","background-repeat":"repeat","background-position":"center center","background-size":"auto","background-attachment":"scroll","background-type":"","background-media":"","overlay-type":"","overlay-color":"","overlay-opacity":"","overlay-gradient":""}}},"product_brand":[],"product_cat":[95,104],"product_tag":[],"class_list":{"0":"post-10760","1":"product","2":"type-product","3":"status-publish","4":"has-post-thumbnail","6":"product_cat-futtermittel","7":"product_cat-eingeber","8":"product_shipping_class-paket","9":"desktop-align-left","10":"tablet-align-left","11":"mobile-align-left","13":"first","14":"instock","15":"taxable","16":"shipping-taxable","17":"purchasable","18":"product-type-simple"},"_links":{"self":[{"href":"https:\/\/www.premier-futtermittel.de\/Shop\/wp-json\/wp\/v2\/product\/10760","targetHints":{"allow":["GET"]}}],"collection":[{"href":"https:\/\/www.premier-futtermittel.de\/Shop\/wp-json\/wp\/v2\/product"}],"about":[{"href":"https:\/\/www.premier-futtermittel.de\/Shop\/wp-json\/wp\/v2\/types\/product"}],"wp:featuredmedia":[{"embeddable":true,"href":"https:\/\/www.premier-futtermittel.de\/Shop\/wp-json\/wp\/v2\/media\/10761"}],"wp:attachment":[{"href":"https:\/\/www.premier-futtermittel.de\/Shop\/wp-json\/wp\/v2\/media?parent=10760"}],"wp:term":[{"taxonomy":"product_brand","embeddable":true,"href":"https:\/\/www.premier-futtermittel.de\/Shop\/wp-json\/wp\/v2\/product_brand?post=10760"},{"taxonomy":"product_cat","embeddable":true,"href":"https:\/\/www.premier-futtermittel.de\/Shop\/wp-json\/wp\/v2\/product_cat?post=10760"},{"taxonomy":"product_tag","embeddable":true,"href":"https:\/\/www.premier-futtermittel.de\/Shop\/wp-json\/wp\/v2\/product_tag?post=10760"}],"curies":[{"name":"wp","href":"https:\/\/api.w.org\/{rel}","templated":true}]}}