{"id":10277,"date":"2024-03-20T21:36:27","date_gmt":"2024-03-20T20:36:27","guid":{"rendered":"https:\/\/www.premier-futtermittel.de\/Shop\/?post_type=product&#038;p=10277"},"modified":"2024-03-20T21:44:43","modified_gmt":"2024-03-20T20:44:43","slug":"unisex-hoodie-schwarz","status":"publish","type":"product","link":"https:\/\/www.premier-futtermittel.de\/Shop\/produkt\/unisex-hoodie-schwarz\/","title":{"rendered":"Unisex Hoodie Schwarz"},"content":{"rendered":"<p>Kleines gesticktes Logo auf der Brust, gro\u00dfes gesticktes &#8218;Outline&#8216;-Logo auf dem R\u00fccken<\/p>\n<p>Premium-Qualit\u00e4t und \u00e4sthetischer Stil sind die Attribute dieses Sweatshirts mit Kapuze. Das Sweatshirt aus einer Polycotton-Mischung hat einen geb\u00fcrsteten Effekt f\u00fcr ultimativen Komfort und einen tollen Look, was es zu einer idealen Wahl macht. Es verf\u00fcgt \u00fcber Lycra-Rippb\u00fcndchen an \u00c4rmeln und Saum sowie einen verschwei\u00dften Halsausschnitt f\u00fcr eine einfache Passform und hohen Tragekomfort. Zwillingsn\u00e4hte erh\u00f6hen die Haltbarkeit. Eine Kapuze aus doppeltem Stoff und eine Beuteltasche vorne sorgen f\u00fcr N\u00fctzlichkeit, W\u00e4rme und Komfort.<\/p>\n<p>Reaktiv gef\u00e4rbt<br \/>\nLycra-Rippenb\u00fcndchen und -Rand<br \/>\nZwillingsnadel-N\u00e4hte<br \/>\nGeklebter Hals<br \/>\nBeuteltasche vorne<br \/>\nDoppelt gewebte Kapuze<br \/>\nSelbstgef\u00e4rbte Kordel<br \/>\nGeb\u00fcrsteter Effekt f\u00fcr \u00fcberragenden Komfort und Aussehen<br \/>\nWaschanleitung<br \/>\nWaschbar bei 60 Grad Celsius<\/p>\n<p><strong>Stoff<\/strong><br \/>\n50% Polyester, 50% Baumwolle<\/p>\n<p><strong>Gewicht<\/strong><br \/>\n350 g\/m\u00b2<\/p>\n","protected":false},"excerpt":{"rendered":"<p>Kleines gesticktes Logo auf der Brust, gro\u00dfes gesticktes &#8218;Outline&#8216;-Logo auf dem R\u00fccken Premium-Qualit\u00e4t und \u00e4sthetischer Stil sind die Attribute dieses [&hellip;]<\/p>\n","protected":false},"featured_media":10269,"template":"","meta":{"site-sidebar-layout":"default","site-content-layout":"","ast-site-content-layout":"default","site-content-style":"default","site-sidebar-style":"default","ast-global-header-display":"","ast-banner-title-visibility":"","ast-main-header-display":"","ast-hfb-above-header-display":"","ast-hfb-below-header-display":"","ast-hfb-mobile-header-display":"","site-post-title":"","ast-breadcrumbs-content":"","ast-featured-img":"","footer-sml-layout":"","ast-disable-related-posts":"","theme-transparent-header-meta":"default","adv-header-id-meta":"","stick-header-meta":"","header-above-stick-meta":"","header-main-stick-meta":"","header-below-stick-meta":"","astra-migrate-meta-layouts":"set","ast-page-background-enabled":"default","ast-page-background-meta":{"desktop":{"background-color":"var(--ast-global-color-4)","background-image":"","background-repeat":"repeat","background-position":"center center","background-size":"auto","background-attachment":"scroll","background-type":"","background-media":"","overlay-type":"","overlay-color":"","overlay-opacity":"","overlay-gradient":""},"tablet":{"background-color":"","background-image":"","background-repeat":"repeat","background-position":"center center","background-size":"auto","background-attachment":"scroll","background-type":"","background-media":"","overlay-type":"","overlay-color":"","overlay-opacity":"","overlay-gradient":""},"mobile":{"background-color":"","background-image":"","background-repeat":"repeat","background-position":"center center","background-size":"auto","background-attachment":"scroll","background-type":"","background-media":"","overlay-type":"","overlay-color":"","overlay-opacity":"","overlay-gradient":""}},"ast-content-background-meta":{"desktop":{"background-color":"var(--ast-global-color-5)","background-image":"","background-repeat":"repeat","background-position":"center center","background-size":"auto","background-attachment":"scroll","background-type":"","background-media":"","overlay-type":"","overlay-color":"","overlay-opacity":"","overlay-gradient":""},"tablet":{"background-color":"var(--ast-global-color-5)","background-image":"","background-repeat":"repeat","background-position":"center center","background-size":"auto","background-attachment":"scroll","background-type":"","background-media":"","overlay-type":"","overlay-color":"","overlay-opacity":"","overlay-gradient":""},"mobile":{"background-color":"var(--ast-global-color-5)","background-image":"","background-repeat":"repeat","background-position":"center center","background-size":"auto","background-attachment":"scroll","background-type":"","background-media":"","overlay-type":"","overlay-color":"","overlay-opacity":"","overlay-gradient":""}}},"product_brand":[],"product_cat":[43,107],"product_tag":[],"class_list":{"0":"post-10277","1":"product","2":"type-product","3":"status-publish","4":"has-post-thumbnail","6":"product_cat-bekleidung","7":"product_cat-hoodie","8":"product_shipping_class-paket","9":"desktop-align-left","10":"tablet-align-left","11":"mobile-align-left","13":"first","14":"instock","15":"taxable","16":"shipping-taxable","17":"purchasable","18":"product-type-variable"},"_links":{"self":[{"href":"https:\/\/www.premier-futtermittel.de\/Shop\/wp-json\/wp\/v2\/product\/10277","targetHints":{"allow":["GET"]}}],"collection":[{"href":"https:\/\/www.premier-futtermittel.de\/Shop\/wp-json\/wp\/v2\/product"}],"about":[{"href":"https:\/\/www.premier-futtermittel.de\/Shop\/wp-json\/wp\/v2\/types\/product"}],"wp:featuredmedia":[{"embeddable":true,"href":"https:\/\/www.premier-futtermittel.de\/Shop\/wp-json\/wp\/v2\/media\/10269"}],"wp:attachment":[{"href":"https:\/\/www.premier-futtermittel.de\/Shop\/wp-json\/wp\/v2\/media?parent=10277"}],"wp:term":[{"taxonomy":"product_brand","embeddable":true,"href":"https:\/\/www.premier-futtermittel.de\/Shop\/wp-json\/wp\/v2\/product_brand?post=10277"},{"taxonomy":"product_cat","embeddable":true,"href":"https:\/\/www.premier-futtermittel.de\/Shop\/wp-json\/wp\/v2\/product_cat?post=10277"},{"taxonomy":"product_tag","embeddable":true,"href":"https:\/\/www.premier-futtermittel.de\/Shop\/wp-json\/wp\/v2\/product_tag?post=10277"}],"curies":[{"name":"wp","href":"https:\/\/api.w.org\/{rel}","templated":true}]}}