{"id":10241,"date":"2024-03-20T21:10:40","date_gmt":"2024-03-20T20:10:40","guid":{"rendered":"https:\/\/www.premier-futtermittel.de\/Shop\/?post_type=product&#038;p=10241"},"modified":"2024-03-20T21:10:41","modified_gmt":"2024-03-20T20:10:41","slug":"baseballcap","status":"publish","type":"product","link":"https:\/\/www.premier-futtermittel.de\/Shop\/produkt\/baseballcap\/","title":{"rendered":"Baseballcap"},"content":{"rendered":"<p>Schwarz\/rote Baseballkappe<br \/>\nDer rote Teil ist aus Mesh<br \/>\nGesticktes Logo auf der Vorderseite<br \/>\nVerstellbare Gr\u00f6\u00dfe mit Knopfleiste auf der R\u00fcckseite<\/p>\n","protected":false},"excerpt":{"rendered":"<p>Schwarz\/rote Baseballkappe Der rote Teil ist aus Mesh Gesticktes Logo auf der Vorderseite Verstellbare Gr\u00f6\u00dfe mit Knopfleiste auf der R\u00fcckseite<\/p>\n","protected":false},"featured_media":10242,"template":"","meta":{"site-sidebar-layout":"default","site-content-layout":"","ast-site-content-layout":"default","site-content-style":"default","site-sidebar-style":"default","ast-global-header-display":"","ast-banner-title-visibility":"","ast-main-header-display":"","ast-hfb-above-header-display":"","ast-hfb-below-header-display":"","ast-hfb-mobile-header-display":"","site-post-title":"","ast-breadcrumbs-content":"","ast-featured-img":"","footer-sml-layout":"","ast-disable-related-posts":"","theme-transparent-header-meta":"default","adv-header-id-meta":"","stick-header-meta":"","header-above-stick-meta":"","header-main-stick-meta":"","header-below-stick-meta":"","astra-migrate-meta-layouts":"set","ast-page-background-enabled":"default","ast-page-background-meta":{"desktop":{"background-color":"var(--ast-global-color-4)","background-image":"","background-repeat":"repeat","background-position":"center center","background-size":"auto","background-attachment":"scroll","background-type":"","background-media":"","overlay-type":"","overlay-color":"","overlay-opacity":"","overlay-gradient":""},"tablet":{"background-color":"","background-image":"","background-repeat":"repeat","background-position":"center center","background-size":"auto","background-attachment":"scroll","background-type":"","background-media":"","overlay-type":"","overlay-color":"","overlay-opacity":"","overlay-gradient":""},"mobile":{"background-color":"","background-image":"","background-repeat":"repeat","background-position":"center center","background-size":"auto","background-attachment":"scroll","background-type":"","background-media":"","overlay-type":"","overlay-color":"","overlay-opacity":"","overlay-gradient":""}},"ast-content-background-meta":{"desktop":{"background-color":"var(--ast-global-color-5)","background-image":"","background-repeat":"repeat","background-position":"center center","background-size":"auto","background-attachment":"scroll","background-type":"","background-media":"","overlay-type":"","overlay-color":"","overlay-opacity":"","overlay-gradient":""},"tablet":{"background-color":"var(--ast-global-color-5)","background-image":"","background-repeat":"repeat","background-position":"center center","background-size":"auto","background-attachment":"scroll","background-type":"","background-media":"","overlay-type":"","overlay-color":"","overlay-opacity":"","overlay-gradient":""},"mobile":{"background-color":"var(--ast-global-color-5)","background-image":"","background-repeat":"repeat","background-position":"center center","background-size":"auto","background-attachment":"scroll","background-type":"","background-media":"","overlay-type":"","overlay-color":"","overlay-opacity":"","overlay-gradient":""}}},"product_brand":[],"product_cat":[43,109],"product_tag":[],"class_list":{"0":"post-10241","1":"product","2":"type-product","3":"status-publish","4":"has-post-thumbnail","6":"product_cat-bekleidung","7":"product_cat-kopfbekleidung","8":"product_shipping_class-paket","9":"desktop-align-left","10":"tablet-align-left","11":"mobile-align-left","13":"first","14":"instock","15":"taxable","16":"shipping-taxable","17":"purchasable","18":"product-type-simple"},"_links":{"self":[{"href":"https:\/\/www.premier-futtermittel.de\/Shop\/wp-json\/wp\/v2\/product\/10241","targetHints":{"allow":["GET"]}}],"collection":[{"href":"https:\/\/www.premier-futtermittel.de\/Shop\/wp-json\/wp\/v2\/product"}],"about":[{"href":"https:\/\/www.premier-futtermittel.de\/Shop\/wp-json\/wp\/v2\/types\/product"}],"wp:featuredmedia":[{"embeddable":true,"href":"https:\/\/www.premier-futtermittel.de\/Shop\/wp-json\/wp\/v2\/media\/10242"}],"wp:attachment":[{"href":"https:\/\/www.premier-futtermittel.de\/Shop\/wp-json\/wp\/v2\/media?parent=10241"}],"wp:term":[{"taxonomy":"product_brand","embeddable":true,"href":"https:\/\/www.premier-futtermittel.de\/Shop\/wp-json\/wp\/v2\/product_brand?post=10241"},{"taxonomy":"product_cat","embeddable":true,"href":"https:\/\/www.premier-futtermittel.de\/Shop\/wp-json\/wp\/v2\/product_cat?post=10241"},{"taxonomy":"product_tag","embeddable":true,"href":"https:\/\/www.premier-futtermittel.de\/Shop\/wp-json\/wp\/v2\/product_tag?post=10241"}],"curies":[{"name":"wp","href":"https:\/\/api.w.org\/{rel}","templated":true}]}}