{"id":10112,"date":"2024-02-25T01:13:07","date_gmt":"2024-02-25T00:13:07","guid":{"rendered":"http:\/\/test.premier-futtermittel.de\/Shop\/?post_type=product&#038;p=10112"},"modified":"2024-06-05T17:11:54","modified_gmt":"2024-06-05T15:11:54","slug":"sheargear-moccasins-schwarz","status":"publish","type":"product","link":"https:\/\/www.premier-futtermittel.de\/Shop\/produkt\/sheargear-moccasins-schwarz\/","title":{"rendered":"Sheargear Moccasins Schwarz"},"content":{"rendered":"<p>Die gef\u00fctterten Moccasins halten die F\u00fc\u00dfe beim Scheren warm und bequem.<br \/>\nSie sind sowohl f\u00fcr die Fellpflege als auch f\u00fcr Scherwettbewerbe beliebt. Die Moccasins werden aus hochwertigem Wildleder mit synthetischem Futter hergestellt.<\/p>\n<p>Schwarze gef\u00fctterte Moccasins werden mit Sheargear-Logo geliefert.<\/p>\n<p>&nbsp;<\/p>\n<table style=\"height: 518px;\" width=\"582\">\n<tbody>\n<tr>\n<td width=\"105\"><strong>Fussl\u00e4nge in cm<\/strong><\/td>\n<td width=\"144\"><strong>D \/ EU Schuhgr\u00f6\u00dfe<\/strong><\/td>\n<td width=\"153\"><strong>US Herren-Schuhgr\u00f6\u00dfe<\/strong><\/td>\n<\/tr>\n<tr>\n<td width=\"105\">23,9 cm<\/td>\n<td width=\"144\">38<\/td>\n<td width=\"153\">6<\/td>\n<\/tr>\n<tr>\n<td width=\"105\">24,3 cm<\/td>\n<td width=\"144\">39<\/td>\n<td width=\"153\">6 1\/2<\/td>\n<\/tr>\n<tr>\n<td width=\"105\">24,8 cm<\/td>\n<td width=\"144\">39 1\/2<\/td>\n<td width=\"153\">7<\/td>\n<\/tr>\n<tr>\n<td width=\"105\">25,2 cm<\/td>\n<td width=\"144\">40<\/td>\n<td width=\"153\">7 1\/2<\/td>\n<\/tr>\n<tr>\n<td width=\"105\">25,6 cm<\/td>\n<td width=\"144\">41<\/td>\n<td width=\"153\">8<\/td>\n<\/tr>\n<tr>\n<td width=\"105\">26,0 cm<\/td>\n<td width=\"144\">41 1\/2<\/td>\n<td width=\"153\">8 1\/2<\/td>\n<\/tr>\n<tr>\n<td width=\"105\">26,5 cm<\/td>\n<td width=\"144\">42<\/td>\n<td width=\"153\">9<\/td>\n<\/tr>\n<tr>\n<td width=\"105\">26,9 cm<\/td>\n<td width=\"144\">42 1\/2<\/td>\n<td width=\"153\">9 1\/2<\/td>\n<\/tr>\n<tr>\n<td width=\"105\">27,3 cm<\/td>\n<td width=\"144\">43<\/td>\n<td width=\"153\">10<\/td>\n<\/tr>\n<tr>\n<td width=\"105\">27,7 cm<\/td>\n<td width=\"144\">44<\/td>\n<td width=\"153\">10 1\/2<\/td>\n<\/tr>\n<tr>\n<td width=\"105\">28,1 cm<\/td>\n<td width=\"144\">44 1\/2<\/td>\n<td width=\"153\">11<\/td>\n<\/tr>\n<tr>\n<td width=\"105\">28,6 cm<\/td>\n<td width=\"144\">45<\/td>\n<td width=\"153\">11 1\/2<\/td>\n<\/tr>\n<tr>\n<td width=\"105\">29,0 cm<\/td>\n<td width=\"144\">46<\/td>\n<td width=\"153\">12<\/td>\n<\/tr>\n<tr>\n<td width=\"105\">29,4 cm<\/td>\n<td width=\"144\">46 1\/2<\/td>\n<td width=\"153\">12 1\/2<\/td>\n<\/tr>\n<tr>\n<td width=\"105\">29,8 cm<\/td>\n<td width=\"144\">47<\/td>\n<td width=\"153\">13<\/td>\n<\/tr>\n<\/tbody>\n<\/table>\n","protected":false},"excerpt":{"rendered":"<p>Die gef\u00fctterten Moccasins halten die F\u00fc\u00dfe beim Scheren warm und bequem. Sie sind sowohl f\u00fcr die Fellpflege als auch f\u00fcr [&hellip;]<\/p>\n","protected":false},"featured_media":10171,"template":"","meta":{"site-sidebar-layout":"default","site-content-layout":"","ast-site-content-layout":"default","site-content-style":"default","site-sidebar-style":"default","ast-global-header-display":"","ast-banner-title-visibility":"","ast-main-header-display":"","ast-hfb-above-header-display":"","ast-hfb-below-header-display":"","ast-hfb-mobile-header-display":"","site-post-title":"","ast-breadcrumbs-content":"","ast-featured-img":"","footer-sml-layout":"","ast-disable-related-posts":"","theme-transparent-header-meta":"default","adv-header-id-meta":"","stick-header-meta":"","header-above-stick-meta":"","header-main-stick-meta":"","header-below-stick-meta":"","astra-migrate-meta-layouts":"set","ast-page-background-enabled":"default","ast-page-background-meta":{"desktop":{"background-color":"var(--ast-global-color-4)","background-image":"","background-repeat":"repeat","background-position":"center center","background-size":"auto","background-attachment":"scroll","background-type":"","background-media":"","overlay-type":"","overlay-color":"","overlay-opacity":"","overlay-gradient":""},"tablet":{"background-color":"","background-image":"","background-repeat":"repeat","background-position":"center center","background-size":"auto","background-attachment":"scroll","background-type":"","background-media":"","overlay-type":"","overlay-color":"","overlay-opacity":"","overlay-gradient":""},"mobile":{"background-color":"","background-image":"","background-repeat":"repeat","background-position":"center center","background-size":"auto","background-attachment":"scroll","background-type":"","background-media":"","overlay-type":"","overlay-color":"","overlay-opacity":"","overlay-gradient":""}},"ast-content-background-meta":{"desktop":{"background-color":"var(--ast-global-color-5)","background-image":"","background-repeat":"repeat","background-position":"center center","background-size":"auto","background-attachment":"scroll","background-type":"","background-media":"","overlay-type":"","overlay-color":"","overlay-opacity":"","overlay-gradient":""},"tablet":{"background-color":"var(--ast-global-color-5)","background-image":"","background-repeat":"repeat","background-position":"center center","background-size":"auto","background-attachment":"scroll","background-type":"","background-media":"","overlay-type":"","overlay-color":"","overlay-opacity":"","overlay-gradient":""},"mobile":{"background-color":"var(--ast-global-color-5)","background-image":"","background-repeat":"repeat","background-position":"center center","background-size":"auto","background-attachment":"scroll","background-type":"","background-media":"","overlay-type":"","overlay-color":"","overlay-opacity":"","overlay-gradient":""}}},"product_brand":[],"product_cat":[96,110],"product_tag":[],"class_list":{"0":"post-10112","1":"product","2":"type-product","3":"status-publish","4":"has-post-thumbnail","6":"product_cat-schuhe","7":"product_cat-shearing-kleidung","8":"product_shipping_class-paket","9":"desktop-align-left","10":"tablet-align-left","11":"mobile-align-left","13":"first","14":"instock","15":"taxable","16":"shipping-taxable","17":"purchasable","18":"product-type-variable"},"_links":{"self":[{"href":"https:\/\/www.premier-futtermittel.de\/Shop\/wp-json\/wp\/v2\/product\/10112","targetHints":{"allow":["GET"]}}],"collection":[{"href":"https:\/\/www.premier-futtermittel.de\/Shop\/wp-json\/wp\/v2\/product"}],"about":[{"href":"https:\/\/www.premier-futtermittel.de\/Shop\/wp-json\/wp\/v2\/types\/product"}],"wp:featuredmedia":[{"embeddable":true,"href":"https:\/\/www.premier-futtermittel.de\/Shop\/wp-json\/wp\/v2\/media\/10171"}],"wp:attachment":[{"href":"https:\/\/www.premier-futtermittel.de\/Shop\/wp-json\/wp\/v2\/media?parent=10112"}],"wp:term":[{"taxonomy":"product_brand","embeddable":true,"href":"https:\/\/www.premier-futtermittel.de\/Shop\/wp-json\/wp\/v2\/product_brand?post=10112"},{"taxonomy":"product_cat","embeddable":true,"href":"https:\/\/www.premier-futtermittel.de\/Shop\/wp-json\/wp\/v2\/product_cat?post=10112"},{"taxonomy":"product_tag","embeddable":true,"href":"https:\/\/www.premier-futtermittel.de\/Shop\/wp-json\/wp\/v2\/product_tag?post=10112"}],"curies":[{"name":"wp","href":"https:\/\/api.w.org\/{rel}","templated":true}]}}