{"id":10085,"date":"2024-02-25T01:12:31","date_gmt":"2024-02-25T00:12:31","guid":{"rendered":"http:\/\/test.premier-futtermittel.de\/Shop\/?post_type=product&#038;p=10085"},"modified":"2024-02-25T01:13:10","modified_gmt":"2024-02-25T00:13:10","slug":"schleifservice-fuer-scherkaemme-und-messer","status":"publish","type":"product","link":"https:\/\/www.premier-futtermittel.de\/Shop\/produkt\/schleifservice-fuer-scherkaemme-und-messer\/","title":{"rendered":"Schleifservice f\u00fcr Scherk\u00e4mme und Messer"},"content":{"rendered":"<p>Unser Schleifservice bietet professionelle Sch\u00e4rfe f\u00fcr Scherk\u00e4mme und Messer in Schaf-, Kuh- und Pferdemaschinen. Wir wissen, wie wichtig es ist, dass diese Maschinen in einwandfreiem Zustand sind, um die Arbeit effizient und schnell erledigen zu k\u00f6nnen. Eine ungesch\u00e4rfte Klinge kann nicht nur die Arbeit verlangsamen, sondern auch die Lebensdauer der Maschine verk\u00fcrzen. Das ist der Grund, warum wir unser Bestes tun, um sicherzustellen, dass Ihre Scherk\u00e4mme und Messer immer in Top-Zustand sind.<\/p>\n<p>Unser erfahrener Schleifer verf\u00fcgt \u00fcber die F\u00e4higkeiten und das Wissen, um jede Klinge pr\u00e4zise und scharf zu schleifen. Er verwendet moderne Techniken und Ausr\u00fcstungen, um sicherzustellen, dass die Klingen perfekt gesch\u00e4rft werden und die Lebensdauer der Maschine maximiert wird.<\/p>\n<p>Wir arbeiten schnell und zuverl\u00e4ssig, damit Sie schnell wieder arbeiten k\u00f6nnen.<br \/>\nWir verstehen, dass Ihre Zeit kostbar ist und wir werden alles tun, um sicherzustellen, dass der Schleifprozess so schnell und problemlos wie m\u00f6glich verl\u00e4uft.<\/p>\n<p>Wenn Sie auf der Suche nach einem zuverl\u00e4ssigen und professionellen Schleifservice f\u00fcr Scherk\u00e4mme und Messer in Schaf-, Kuh- und Pferdemaschinen sind, dann sind Sie bei uns richtig.<\/p>\n<p>Kontaktieren Sie uns gerne bei Fragen. Wir freuen uns darauf, Ihnen dabei zu helfen, Ihre Arbeit effizienter und erfolgreicher zu gestalten.<br \/>\nTelefon: +49 (0)4406 9572 129<br \/>\nMobil: +49 (0)172 5104482<br \/>\n<a href=\"https:\/\/www.premier-futtermittel.de\/kontakt\/\">Kontaktformular<\/a><\/p>\n<p>&nbsp;<\/p>\n<p>Sie kaufen eine Dienstleistung f\u00fcr\u00a01 Paar Schermesser (Ober- und Untermesser).<\/p>\n<p>1. Verpacken Sie die stumpfen Messer bitte gereinigt in einen Umschlag und senden uns das Unter- und das Obermesser zu. Bitte legen Sie dem Umschlag auch Ihre vollst\u00e4ndige Adresse mit Ihrer Telefonnummer mit bei. Achten Sie darauf dass beide Messer einzeln verpackt sind und beim Transport nicht aneinander scheuern.<\/p>\n<p>2. Senden Sie den Umschlag an folgende Adresse:<\/p>\n<p>PREMIER-Futtermittelhandel Wachsmuth<br \/>\nFred Wachsmuth<br \/>\nRaiffeisenstra\u00dfe 64<br \/>\n27804 Berne<\/p>\n","protected":false},"excerpt":{"rendered":"<p>Unser Schleifservice bietet professionelle Sch\u00e4rfe f\u00fcr Scherk\u00e4mme und Messer in Schaf-, Kuh- und Pferdemaschinen. Wir wissen, wie wichtig es ist, [&hellip;]<\/p>\n","protected":false},"featured_media":0,"template":"","meta":{"site-sidebar-layout":"default","site-content-layout":"","ast-site-content-layout":"default","site-content-style":"default","site-sidebar-style":"default","ast-global-header-display":"","ast-banner-title-visibility":"","ast-main-header-display":"","ast-hfb-above-header-display":"","ast-hfb-below-header-display":"","ast-hfb-mobile-header-display":"","site-post-title":"","ast-breadcrumbs-content":"","ast-featured-img":"","footer-sml-layout":"","ast-disable-related-posts":"","theme-transparent-header-meta":"","adv-header-id-meta":"","stick-header-meta":"","header-above-stick-meta":"","header-main-stick-meta":"","header-below-stick-meta":"","astra-migrate-meta-layouts":"default","ast-page-background-enabled":"default","ast-page-background-meta":{"desktop":{"background-color":"var(--ast-global-color-4)","background-image":"","background-repeat":"repeat","background-position":"center center","background-size":"auto","background-attachment":"scroll","background-type":"","background-media":"","overlay-type":"","overlay-color":"","overlay-opacity":"","overlay-gradient":""},"tablet":{"background-color":"","background-image":"","background-repeat":"repeat","background-position":"center center","background-size":"auto","background-attachment":"scroll","background-type":"","background-media":"","overlay-type":"","overlay-color":"","overlay-opacity":"","overlay-gradient":""},"mobile":{"background-color":"","background-image":"","background-repeat":"repeat","background-position":"center center","background-size":"auto","background-attachment":"scroll","background-type":"","background-media":"","overlay-type":"","overlay-color":"","overlay-opacity":"","overlay-gradient":""}},"ast-content-background-meta":{"desktop":{"background-color":"var(--ast-global-color-5)","background-image":"","background-repeat":"repeat","background-position":"center center","background-size":"auto","background-attachment":"scroll","background-type":"","background-media":"","overlay-type":"","overlay-color":"","overlay-opacity":"","overlay-gradient":""},"tablet":{"background-color":"var(--ast-global-color-5)","background-image":"","background-repeat":"repeat","background-position":"center center","background-size":"auto","background-attachment":"scroll","background-type":"","background-media":"","overlay-type":"","overlay-color":"","overlay-opacity":"","overlay-gradient":""},"mobile":{"background-color":"var(--ast-global-color-5)","background-image":"","background-repeat":"repeat","background-position":"center center","background-size":"auto","background-attachment":"scroll","background-type":"","background-media":"","overlay-type":"","overlay-color":"","overlay-opacity":"","overlay-gradient":""}}},"product_brand":[],"product_cat":[105],"product_tag":[],"class_list":{"0":"post-10085","1":"product","2":"type-product","3":"status-publish","5":"product_cat-schurwerkzeug","6":"product_shipping_class-paket","7":"desktop-align-left","8":"tablet-align-left","9":"mobile-align-left","11":"first","12":"instock","13":"taxable","14":"shipping-taxable","15":"purchasable","16":"product-type-simple"},"_links":{"self":[{"href":"https:\/\/www.premier-futtermittel.de\/Shop\/wp-json\/wp\/v2\/product\/10085","targetHints":{"allow":["GET"]}}],"collection":[{"href":"https:\/\/www.premier-futtermittel.de\/Shop\/wp-json\/wp\/v2\/product"}],"about":[{"href":"https:\/\/www.premier-futtermittel.de\/Shop\/wp-json\/wp\/v2\/types\/product"}],"wp:attachment":[{"href":"https:\/\/www.premier-futtermittel.de\/Shop\/wp-json\/wp\/v2\/media?parent=10085"}],"wp:term":[{"taxonomy":"product_brand","embeddable":true,"href":"https:\/\/www.premier-futtermittel.de\/Shop\/wp-json\/wp\/v2\/product_brand?post=10085"},{"taxonomy":"product_cat","embeddable":true,"href":"https:\/\/www.premier-futtermittel.de\/Shop\/wp-json\/wp\/v2\/product_cat?post=10085"},{"taxonomy":"product_tag","embeddable":true,"href":"https:\/\/www.premier-futtermittel.de\/Shop\/wp-json\/wp\/v2\/product_tag?post=10085"}],"curies":[{"name":"wp","href":"https:\/\/api.w.org\/{rel}","templated":true}]}}