{"id":10066,"date":"2024-02-25T01:12:19","date_gmt":"2024-02-25T00:12:19","guid":{"rendered":"http:\/\/test.premier-futtermittel.de\/Shop\/?post_type=product&#038;p=10066"},"modified":"2026-02-04T09:28:29","modified_gmt":"2026-02-04T08:28:29","slug":"all-guard-xtra","status":"publish","type":"product","link":"https:\/\/www.premier-futtermittel.de\/Shop\/produkt\/all-guard-xtra\/","title":{"rendered":"All Guard Xtra"},"content":{"rendered":"<p>Langzeit-6-in-1-Spurenelement-Bolus f\u00fcr Rinder.<\/p>\n<p>All Guard Xtra wird eingesetzt, um den Auswirkungen von Spurenelementm\u00e4ngeln entgegenzuwirken und die entscheidenden N\u00e4hrstoffe bereitzustellen, die f\u00fcr die zentralen Phasen von Abkalbung, Zucht, Wachstum und Entwicklung erforderlich sind.<\/p>\n<p>Wirkdauer bis zu 6 Monate<br \/>\nMehrfach-Spurenelement-Bolus (Kupfer, Jod, Selen, Zink, Kobalt &amp; Vitamin E)<\/p>\n<p><strong>Zusammensetzung<\/strong><br \/>\nSpurenelemente pro Bolus:<\/p>\n<p>Kupfer: 30.000 mg<br \/>\nJod: 5.000 mg<br \/>\nZink: 5.000 mg<br \/>\nSelen: 500 mg<br \/>\nKobalt: 500 mg<br \/>\nVitamin E: 1.100 I.E.<\/p>\n<p><strong>Packungsgr\u00f6\u00dfe:<\/strong> 10 St\u00fcck<\/p>\n","protected":false},"excerpt":{"rendered":"<p>Langzeit-6-in-1-Spurenelement-Bolus f\u00fcr Rinder. All Guard Xtra wird eingesetzt, um den Auswirkungen von Spurenelementm\u00e4ngeln entgegenzuwirken und die entscheidenden N\u00e4hrstoffe bereitzustellen, die [&hellip;]<\/p>\n","protected":false},"featured_media":11149,"template":"","meta":{"site-sidebar-layout":"default","site-content-layout":"","ast-site-content-layout":"default","site-content-style":"default","site-sidebar-style":"default","ast-global-header-display":"","ast-banner-title-visibility":"","ast-main-header-display":"","ast-hfb-above-header-display":"","ast-hfb-below-header-display":"","ast-hfb-mobile-header-display":"","site-post-title":"","ast-breadcrumbs-content":"","ast-featured-img":"","footer-sml-layout":"","ast-disable-related-posts":"","theme-transparent-header-meta":"default","adv-header-id-meta":"","stick-header-meta":"","header-above-stick-meta":"","header-main-stick-meta":"","header-below-stick-meta":"","astra-migrate-meta-layouts":"set","ast-page-background-enabled":"default","ast-page-background-meta":{"desktop":{"background-color":"var(--ast-global-color-4)","background-image":"","background-repeat":"repeat","background-position":"center center","background-size":"auto","background-attachment":"scroll","background-type":"","background-media":"","overlay-type":"","overlay-color":"","overlay-opacity":"","overlay-gradient":""},"tablet":{"background-color":"","background-image":"","background-repeat":"repeat","background-position":"center center","background-size":"auto","background-attachment":"scroll","background-type":"","background-media":"","overlay-type":"","overlay-color":"","overlay-opacity":"","overlay-gradient":""},"mobile":{"background-color":"","background-image":"","background-repeat":"repeat","background-position":"center center","background-size":"auto","background-attachment":"scroll","background-type":"","background-media":"","overlay-type":"","overlay-color":"","overlay-opacity":"","overlay-gradient":""}},"ast-content-background-meta":{"desktop":{"background-color":"var(--ast-global-color-5)","background-image":"","background-repeat":"repeat","background-position":"center center","background-size":"auto","background-attachment":"scroll","background-type":"","background-media":"","overlay-type":"","overlay-color":"","overlay-opacity":"","overlay-gradient":""},"tablet":{"background-color":"var(--ast-global-color-5)","background-image":"","background-repeat":"repeat","background-position":"center center","background-size":"auto","background-attachment":"scroll","background-type":"","background-media":"","overlay-type":"","overlay-color":"","overlay-opacity":"","overlay-gradient":""},"mobile":{"background-color":"var(--ast-global-color-5)","background-image":"","background-repeat":"repeat","background-position":"center center","background-size":"auto","background-attachment":"scroll","background-type":"","background-media":"","overlay-type":"","overlay-color":"","overlay-opacity":"","overlay-gradient":""}}},"product_brand":[],"product_cat":[95,103],"product_tag":[],"class_list":{"0":"post-10066","1":"product","2":"type-product","3":"status-publish","4":"has-post-thumbnail","6":"product_cat-futtermittel","7":"product_cat-kuh-kalb","8":"desktop-align-left","9":"tablet-align-left","10":"mobile-align-left","12":"first","13":"instock","14":"taxable","15":"shipping-taxable","16":"purchasable","17":"product-type-simple"},"_links":{"self":[{"href":"https:\/\/www.premier-futtermittel.de\/Shop\/wp-json\/wp\/v2\/product\/10066","targetHints":{"allow":["GET"]}}],"collection":[{"href":"https:\/\/www.premier-futtermittel.de\/Shop\/wp-json\/wp\/v2\/product"}],"about":[{"href":"https:\/\/www.premier-futtermittel.de\/Shop\/wp-json\/wp\/v2\/types\/product"}],"wp:featuredmedia":[{"embeddable":true,"href":"https:\/\/www.premier-futtermittel.de\/Shop\/wp-json\/wp\/v2\/media\/11149"}],"wp:attachment":[{"href":"https:\/\/www.premier-futtermittel.de\/Shop\/wp-json\/wp\/v2\/media?parent=10066"}],"wp:term":[{"taxonomy":"product_brand","embeddable":true,"href":"https:\/\/www.premier-futtermittel.de\/Shop\/wp-json\/wp\/v2\/product_brand?post=10066"},{"taxonomy":"product_cat","embeddable":true,"href":"https:\/\/www.premier-futtermittel.de\/Shop\/wp-json\/wp\/v2\/product_cat?post=10066"},{"taxonomy":"product_tag","embeddable":true,"href":"https:\/\/www.premier-futtermittel.de\/Shop\/wp-json\/wp\/v2\/product_tag?post=10066"}],"curies":[{"name":"wp","href":"https:\/\/api.w.org\/{rel}","templated":true}]}}