{"id":10062,"date":"2024-02-25T01:12:16","date_gmt":"2024-02-25T00:12:16","guid":{"rendered":"http:\/\/test.premier-futtermittel.de\/Shop\/?post_type=product&#038;p=10062"},"modified":"2025-11-05T21:12:46","modified_gmt":"2025-11-05T20:12:46","slug":"all-guard-5-in-1-schaf","status":"publish","type":"product","link":"https:\/\/www.premier-futtermittel.de\/Shop\/produkt\/all-guard-5-in-1-schaf\/","title":{"rendered":"All Guard 5 in 1 Schaf"},"content":{"rendered":"<p>Ein Bolus der \u00fcber einen Zeitraum von sechs Monaten langsam und gleichm\u00e4\u00dfig die\u00a0Schl\u00fcsselspurenelemente\u00a0Kobalt,\u00a0Selen,\u00a0Jod,\u00a0Zink und Kupfer abgibt.<\/p>\n<p><strong>Zusammensetzung:<\/strong>\u00a0Jeder Bolus enth\u00e4lt 350mg Kobalt, 100mg Selen, 750mg Jod, 4000mg Kupfer und 400mg Zink.<\/p>\n<p><strong>Anwendungsgebiete:<\/strong>\u00a0Langzeitversorgung mit Kobalt, Zink, Kupfer und Selen f\u00fcr Schafe die auf unterversorgten Fl\u00e4chen weiden oder mit Grundfutter von ebensolchen Fl\u00e4chen gef\u00fcttert werden.<\/p>\n<p><strong>Dosierung:<\/strong>\u00a0Schafe ab einem Gewicht von 40kg 1 Bolus alle 6 Monate.<\/p>\n<p><strong>Verabreichung:\u00a0<\/strong>\u00a0mittels geeignetem Applikator<\/p>\n<p><strong>Zeitpunkt:<\/strong>\u00a0vor der Deckzeit und vor der Ablammung oder bei asaisonaler Produktion alle 6 Monate Jede Packung enth\u00e4lt 100 Stk<\/p>\n<p><strong>Wartezeit:<\/strong>\u00a0Keine<\/p>\n<p><strong>Anweisung f\u00fcr die ordnungsgem\u00e4\u00dfe Verwendung:\u00a0<\/strong>Verabreichung des Bolus mittels Applikator (getrennt erh\u00e4ltlich) und n\u00f6tigen Sorgfalt um Verletzungen in Maul oder Schlund der Tiere zu vermeiden.<\/p>\n<p><strong>Dosierung:\u00a0<\/strong>Schafe mit einem t\u00e4glichen Konsum von 2kg Trockenmasse oder mehr: Ein Bolus alle 6 Monate.<\/p>\n<p><strong>Inhaltsstoffe:<\/strong><br \/>\nKalzium: 0,1%<\/p>\n<p><strong>Ern\u00e4hrungsphysiologische Zusatzstoffe\/kg:<\/strong><br \/>\nKobalt: 19,7g (als Karbonat)<br \/>\nSelen: 5,274g (als Natriumselenit)<br \/>\nZink: 21,05g \u00a0(als Oxid)<br \/>\nIod: 39,47g (als Kalziumjodat)<br \/>\nKupfer: 210g (als II-Oxid)<br \/>\nEisen (als III-Oxid): 376g<\/p>\n<p><strong>T\u00e4gliche Freisetzung Spurenelemente:<\/strong><br \/>\nKobalt: 2,00mg<br \/>\nSelen: 0,56mg<br \/>\nIod: 4,17mg<br \/>\nZink: 2,22mg<br \/>\nKupfer: 22,17mg<br \/>\nEisen: 39,7mg<\/p>\n<p><strong>Zusammensetzung:<\/strong><br \/>\nInertes Eisen: 20%<br \/>\nCa-Stearat<br \/>\nSchweinegelatine<\/p>\n<p>Di\u00e4terg\u00e4nzungsfuttermittel f\u00fcr Schafe mit voll entwickeltem Pansen zur langfristigen Versorgung mit Spurenelementen. Dieses Produkt ist ein Erg\u00e4nzungsfuttermittel und kein Arzneimittel. Die gleichzeitige Gabe von Zusatzstoffe mit H\u00f6chstgehalt \u00fcber andere Futtermittel ist zu vermeiden. Es wird empfohlen, vor der Verwendung den Rat eines Tierarztes oder Ern\u00e4hrungswissenschaftlers einzuholen, um die Ausgewogenheit der Tagesration hinsichtlich Spurenelementen und dem Versorgungsstatus der Tiere mit Spurenelementen sicherzustellen.<\/p>\n<p>&nbsp;<\/p>\n","protected":false},"excerpt":{"rendered":"<p>Ein Bolus der \u00fcber einen Zeitraum von sechs Monaten langsam und gleichm\u00e4\u00dfig die\u00a0Schl\u00fcsselspurenelemente\u00a0Kobalt,\u00a0Selen,\u00a0Jod,\u00a0Zink und Kupfer abgibt. Zusammensetzung:\u00a0Jeder Bolus enth\u00e4lt 350mg [&hellip;]<\/p>\n","protected":false},"featured_media":10137,"template":"","meta":{"site-sidebar-layout":"default","site-content-layout":"","ast-site-content-layout":"default","site-content-style":"default","site-sidebar-style":"default","ast-global-header-display":"","ast-banner-title-visibility":"","ast-main-header-display":"","ast-hfb-above-header-display":"","ast-hfb-below-header-display":"","ast-hfb-mobile-header-display":"","site-post-title":"","ast-breadcrumbs-content":"","ast-featured-img":"","footer-sml-layout":"","ast-disable-related-posts":"","theme-transparent-header-meta":"default","adv-header-id-meta":"","stick-header-meta":"","header-above-stick-meta":"","header-main-stick-meta":"","header-below-stick-meta":"","astra-migrate-meta-layouts":"set","ast-page-background-enabled":"default","ast-page-background-meta":{"desktop":{"background-color":"var(--ast-global-color-4)","background-image":"","background-repeat":"repeat","background-position":"center center","background-size":"auto","background-attachment":"scroll","background-type":"","background-media":"","overlay-type":"","overlay-color":"","overlay-opacity":"","overlay-gradient":""},"tablet":{"background-color":"","background-image":"","background-repeat":"repeat","background-position":"center center","background-size":"auto","background-attachment":"scroll","background-type":"","background-media":"","overlay-type":"","overlay-color":"","overlay-opacity":"","overlay-gradient":""},"mobile":{"background-color":"","background-image":"","background-repeat":"repeat","background-position":"center center","background-size":"auto","background-attachment":"scroll","background-type":"","background-media":"","overlay-type":"","overlay-color":"","overlay-opacity":"","overlay-gradient":""}},"ast-content-background-meta":{"desktop":{"background-color":"var(--ast-global-color-5)","background-image":"","background-repeat":"repeat","background-position":"center center","background-size":"auto","background-attachment":"scroll","background-type":"","background-media":"","overlay-type":"","overlay-color":"","overlay-opacity":"","overlay-gradient":""},"tablet":{"background-color":"var(--ast-global-color-5)","background-image":"","background-repeat":"repeat","background-position":"center center","background-size":"auto","background-attachment":"scroll","background-type":"","background-media":"","overlay-type":"","overlay-color":"","overlay-opacity":"","overlay-gradient":""},"mobile":{"background-color":"var(--ast-global-color-5)","background-image":"","background-repeat":"repeat","background-position":"center center","background-size":"auto","background-attachment":"scroll","background-type":"","background-media":"","overlay-type":"","overlay-color":"","overlay-opacity":"","overlay-gradient":""}}},"product_brand":[],"product_cat":[102],"product_tag":[],"class_list":{"0":"post-10062","1":"product","2":"type-product","3":"status-publish","4":"has-post-thumbnail","6":"product_cat-schaf-ziege","7":"product_shipping_class-paket","8":"desktop-align-left","9":"tablet-align-left","10":"mobile-align-left","12":"first","13":"instock","14":"taxable","15":"shipping-taxable","16":"purchasable","17":"product-type-simple"},"_links":{"self":[{"href":"https:\/\/www.premier-futtermittel.de\/Shop\/wp-json\/wp\/v2\/product\/10062","targetHints":{"allow":["GET"]}}],"collection":[{"href":"https:\/\/www.premier-futtermittel.de\/Shop\/wp-json\/wp\/v2\/product"}],"about":[{"href":"https:\/\/www.premier-futtermittel.de\/Shop\/wp-json\/wp\/v2\/types\/product"}],"wp:featuredmedia":[{"embeddable":true,"href":"https:\/\/www.premier-futtermittel.de\/Shop\/wp-json\/wp\/v2\/media\/10137"}],"wp:attachment":[{"href":"https:\/\/www.premier-futtermittel.de\/Shop\/wp-json\/wp\/v2\/media?parent=10062"}],"wp:term":[{"taxonomy":"product_brand","embeddable":true,"href":"https:\/\/www.premier-futtermittel.de\/Shop\/wp-json\/wp\/v2\/product_brand?post=10062"},{"taxonomy":"product_cat","embeddable":true,"href":"https:\/\/www.premier-futtermittel.de\/Shop\/wp-json\/wp\/v2\/product_cat?post=10062"},{"taxonomy":"product_tag","embeddable":true,"href":"https:\/\/www.premier-futtermittel.de\/Shop\/wp-json\/wp\/v2\/product_tag?post=10062"}],"curies":[{"name":"wp","href":"https:\/\/api.w.org\/{rel}","templated":true}]}}