{"id":10058,"date":"2024-02-25T01:12:14","date_gmt":"2024-02-25T00:12:14","guid":{"rendered":"http:\/\/test.premier-futtermittel.de\/Shop\/?post_type=product&#038;p=10058"},"modified":"2024-05-07T22:47:28","modified_gmt":"2024-05-07T20:47:28","slug":"schaf-und-lamm-booster","status":"publish","type":"product","link":"https:\/\/www.premier-futtermittel.de\/Shop\/produkt\/schaf-und-lamm-booster\/","title":{"rendered":"Schaf und Lamm Booster"},"content":{"rendered":"<h3 class=\"el-title uk-margin uk-h4\"><strong style=\"font-size: 16px;\">F\u00fcr Schafe und L\u00e4mmer<\/strong><span style=\"font-size: 16px;\">\u00a0zur Versorgung mit Spurenelementen, Vitaminen und Energie. Das enthaltene Propylen Glykol ern\u00e4hrt die Pansenbakterien f\u00fcr einige Tage und kann so in Umstellungssituationen die Leistungsf\u00e4higkeit des Pansens erhalten. Ein Abbau von Pansenmikroben wird verhindert.<\/span><\/h3>\n<div class=\"el-content uk-margin\">\n<p><strong>Anwendungsgebiete:<\/strong><br \/>\nSchaf und Lamm Booster unterst\u00fctzt das Tier in Situationen mit besonderer Belastung.<br \/>\nL\u00e4mmer: beim Entw\u00f6hnen um kontinuierliche Zunahmen zu sichern , bei Futterumstellung und Stallwechsel.<br \/>\nSchafe: vor dem Decken, direkt vor oder nach der Geburt, bei Futterumstellung<br \/>\nB\u00f6cke: vor dem Deckeinsatz, bei Futterumstellung<\/p>\n<p><strong>Dosierung:<\/strong><br \/>\nL\u00e4mmer beim Entw\u00f6hnen: 10ml,<br \/>\nNachzucht: 20ml,<br \/>\nSchafe\/B\u00f6cke: 20ml<br \/>\nVerabreichung: mittels Drench-Pistole<\/p>\n<p><strong>Wartezeit:<\/strong>\u00a0keine<\/p>\n<p><strong>Analytische Bestandteile:<\/strong><br \/>\nRohprotein:. 0,9%<br \/>\nRohasche: 2,2%<br \/>\nRohfett: 1,4%<br \/>\nRohfaser: &lt;0,1%<\/p>\n<p><strong>Zusammensetzung:<\/strong>\u00a0Propylen, Glykol, Calciumphosphat<\/p>\n<p><strong>Ern\u00e4hrungsphysiologische Zusatzstoffe\/kg:<\/strong><\/p>\n<p><strong>Spurenelemente:<\/strong><br \/>\n3b4.10Kupfer(als Kupferchelat des Hydroxyanalogs von Methionin)1500mg<br \/>\n3b302 Kobalt(als Kobaltsulfatheptahydrat) 100mg<br \/>\nE8 Selen (als Natriumselenit): 50mg<br \/>\nE6 Zink (als Zinksulfatheptahydrat): 12 g<br \/>\nE2 Jod(als Kaliumjodat):500mg<\/p>\n<p><strong>Vitamine:<\/strong><br \/>\n3a672b Vitamin A: 1350000IE<br \/>\nE671 Vitamin D3: 400000IE<br \/>\n3a700 Vitamin E: 22 500mg<br \/>\n3a300 Vitamin C:. 10 000mg<br \/>\nVitamin K3:. 640mg<br \/>\nPyridoxinhydroclorid:. 400mg<br \/>\nRiboflavin:. 500mg<br \/>\nVitamin B12:. 4000 mcg<br \/>\n3a842D-Panthenol:. 1 000mg<br \/>\n3a315Nikotinamid:. 1 000mg<br \/>\nD-Biotin: 125mg<br \/>\nAminos\u00e4uren: 3.2.3<br \/>\nLysin:. 2 500mg<br \/>\nMethionin:. 1 500mg<\/p>\n<p><strong>Anweisung f\u00fcr die ordnungsgem\u00e4\u00dfe Verwendung:<\/strong>\u00a0Vor Gebrauch gr\u00fcndlich sch\u00fctteln. Erg\u00e4nzungsfuttermittel f\u00fcr Schafe und L\u00e4mmer. Schaf und Lamm Booster sollte jedem Tier individuell und richtig dosiert verabreicht werden.<\/p>\n<p><strong>Dosierung:<\/strong>\u00a0Maximal 1% der t\u00e4glichen Trockenmasseaufnahme sofern keine sonstigen Spurenelementquellen verabreicht werden.<\/p>\n<p><strong>Optimaler Zeitpunkt:<\/strong>\u00a0Bei Futterumstellung, Stallwechsel oder erh\u00f6hter Belastung.(Geburt, Deckzeit).<\/p>\n<\/div>\n","protected":false},"excerpt":{"rendered":"<p>F\u00fcr Schafe und L\u00e4mmer\u00a0zur Versorgung mit Spurenelementen, Vitaminen und Energie. Das enthaltene Propylen Glykol ern\u00e4hrt die Pansenbakterien f\u00fcr einige Tage [&hellip;]<\/p>\n","protected":false},"featured_media":10056,"template":"","meta":{"site-sidebar-layout":"default","site-content-layout":"","ast-site-content-layout":"default","site-content-style":"default","site-sidebar-style":"default","ast-global-header-display":"","ast-banner-title-visibility":"","ast-main-header-display":"","ast-hfb-above-header-display":"","ast-hfb-below-header-display":"","ast-hfb-mobile-header-display":"","site-post-title":"","ast-breadcrumbs-content":"","ast-featured-img":"","footer-sml-layout":"","ast-disable-related-posts":"","theme-transparent-header-meta":"default","adv-header-id-meta":"","stick-header-meta":"","header-above-stick-meta":"","header-main-stick-meta":"","header-below-stick-meta":"","astra-migrate-meta-layouts":"set","ast-page-background-enabled":"default","ast-page-background-meta":{"desktop":{"background-color":"var(--ast-global-color-4)","background-image":"","background-repeat":"repeat","background-position":"center center","background-size":"auto","background-attachment":"scroll","background-type":"","background-media":"","overlay-type":"","overlay-color":"","overlay-opacity":"","overlay-gradient":""},"tablet":{"background-color":"","background-image":"","background-repeat":"repeat","background-position":"center center","background-size":"auto","background-attachment":"scroll","background-type":"","background-media":"","overlay-type":"","overlay-color":"","overlay-opacity":"","overlay-gradient":""},"mobile":{"background-color":"","background-image":"","background-repeat":"repeat","background-position":"center center","background-size":"auto","background-attachment":"scroll","background-type":"","background-media":"","overlay-type":"","overlay-color":"","overlay-opacity":"","overlay-gradient":""}},"ast-content-background-meta":{"desktop":{"background-color":"var(--ast-global-color-5)","background-image":"","background-repeat":"repeat","background-position":"center center","background-size":"auto","background-attachment":"scroll","background-type":"","background-media":"","overlay-type":"","overlay-color":"","overlay-opacity":"","overlay-gradient":""},"tablet":{"background-color":"var(--ast-global-color-5)","background-image":"","background-repeat":"repeat","background-position":"center center","background-size":"auto","background-attachment":"scroll","background-type":"","background-media":"","overlay-type":"","overlay-color":"","overlay-opacity":"","overlay-gradient":""},"mobile":{"background-color":"var(--ast-global-color-5)","background-image":"","background-repeat":"repeat","background-position":"center center","background-size":"auto","background-attachment":"scroll","background-type":"","background-media":"","overlay-type":"","overlay-color":"","overlay-opacity":"","overlay-gradient":""}}},"product_brand":[],"product_cat":[101,102],"product_tag":[],"class_list":{"0":"post-10058","1":"product","2":"type-product","3":"status-publish","4":"has-post-thumbnail","6":"product_cat-lamm","7":"product_cat-schaf-ziege","8":"product_shipping_class-paket","9":"desktop-align-left","10":"tablet-align-left","11":"mobile-align-left","13":"first","14":"instock","15":"taxable","16":"shipping-taxable","17":"purchasable","18":"product-type-simple"},"_links":{"self":[{"href":"https:\/\/www.premier-futtermittel.de\/Shop\/wp-json\/wp\/v2\/product\/10058","targetHints":{"allow":["GET"]}}],"collection":[{"href":"https:\/\/www.premier-futtermittel.de\/Shop\/wp-json\/wp\/v2\/product"}],"about":[{"href":"https:\/\/www.premier-futtermittel.de\/Shop\/wp-json\/wp\/v2\/types\/product"}],"wp:featuredmedia":[{"embeddable":true,"href":"https:\/\/www.premier-futtermittel.de\/Shop\/wp-json\/wp\/v2\/media\/10056"}],"wp:attachment":[{"href":"https:\/\/www.premier-futtermittel.de\/Shop\/wp-json\/wp\/v2\/media?parent=10058"}],"wp:term":[{"taxonomy":"product_brand","embeddable":true,"href":"https:\/\/www.premier-futtermittel.de\/Shop\/wp-json\/wp\/v2\/product_brand?post=10058"},{"taxonomy":"product_cat","embeddable":true,"href":"https:\/\/www.premier-futtermittel.de\/Shop\/wp-json\/wp\/v2\/product_cat?post=10058"},{"taxonomy":"product_tag","embeddable":true,"href":"https:\/\/www.premier-futtermittel.de\/Shop\/wp-json\/wp\/v2\/product_tag?post=10058"}],"curies":[{"name":"wp","href":"https:\/\/api.w.org\/{rel}","templated":true}]}}